{"id":12,"date":"2022-10-05T18:48:22","date_gmt":"2022-10-05T16:48:22","guid":{"rendered":"https:\/\/seograjek.sembit.pl\/?page_id=12"},"modified":"2022-10-05T21:43:53","modified_gmt":"2022-10-05T19:43:53","slug":"home","status":"publish","type":"page","link":"https:\/\/seograjek.sembit.pl\/","title":{"rendered":"home"},"content":{"rendered":"<p>[et_pb_section fb_built=&#8221;1&#8243; _builder_version=&#8221;4.18.0&#8243; _module_preset=&#8221;default&#8221; global_colors_info=&#8221;{}&#8221;][et_pb_row custom_padding_last_edited=&#8221;on|desktop&#8221; _builder_version=&#8221;4.18.0&#8243; _module_preset=&#8221;default&#8221; custom_margin=&#8221;||||false|false&#8221; custom_padding=&#8221;250px||250px||false|false&#8221; custom_padding_tablet=&#8221;50px||50px||false|false&#8221; custom_padding_phone=&#8221;10px||10px||false|false&#8221; custom_css_main_element=&#8221;text-align:center;&#8221; global_colors_info=&#8221;{}&#8221;][et_pb_column type=&#8221;4_4&#8243; _builder_version=&#8221;4.18.0&#8243; _module_preset=&#8221;default&#8221; global_colors_info=&#8221;{}&#8221;][et_pb_text _builder_version=&#8221;4.18.0&#8243; _module_preset=&#8221;default&#8221; text_font=&#8221;Roboto Mono||||||||&#8221; text_font_size=&#8221;26px&#8221; header_font=&#8221;Roboto Mono||||||||&#8221; header_font_size=&#8221;75px&#8221; text_orientation=&#8221;center&#8221; background_layout=&#8221;dark&#8221; module_alignment=&#8221;center&#8221; custom_margin=&#8221;||9px|||&#8221; header_font_size_tablet=&#8221;44px&#8221; header_font_size_phone=&#8221;30px&#8221; header_font_size_last_edited=&#8221;on|phone&#8221; global_colors_info=&#8221;{}&#8221;]<\/p>\n<h1>Zindeksuj szybciej swoj\u0105 stron\u0119 z pomoc\u0105 <span class=\"magic\">SEO<\/span>grajka<\/h1>\n<p>[\/et_pb_text][\/et_pb_column][\/et_pb_row][et_pb_row _builder_version=&#8221;4.18.0&#8243; _module_preset=&#8221;default&#8221; width=&#8221;79%&#8221; max_width=&#8221;1239px&#8221; module_alignment=&#8221;center&#8221; custom_margin=&#8221;||||false|false&#8221; custom_padding=&#8221;|0px||0px|false|false&#8221; global_colors_info=&#8221;{}&#8221;][et_pb_column type=&#8221;4_4&#8243; _builder_version=&#8221;4.18.0&#8243; _module_preset=&#8221;default&#8221; global_colors_info=&#8221;{}&#8221;][et_pb_tabs active_tab_background_color=&#8221;rgba(255,255,255,0)&#8221; active_tab_text_color=&#8221;#5222d0&#8243; _builder_version=&#8221;4.18.0&#8243; _module_preset=&#8221;default&#8221; tab_text_color=&#8221;#FFFFFF&#8221; body_text_color=&#8221;#FFFFFF&#8221; body_font_size=&#8221;17px&#8221; tab_font=&#8221;||||||||&#8221; tab_font_size=&#8221;19px&#8221; background_color=&#8221;rgba(165,165,165,0)&#8221; width=&#8221;78%&#8221; width_tablet=&#8221;100%&#8221; width_phone=&#8221;100%&#8221; width_last_edited=&#8221;on|desktop&#8221; module_alignment=&#8221;center&#8221; custom_margin=&#8221;||||false|false&#8221; tab_font_size_tablet=&#8221;16px&#8221; tab_font_size_phone=&#8221;16px&#8221; tab_font_size_last_edited=&#8221;on|phone&#8221; module_alignment_last_edited=&#8221;off|phone&#8221; border_width_all=&#8221;0px&#8221; global_colors_info=&#8221;{}&#8221;][et_pb_tab title=&#8221;IndexingApiApp&#8221; _builder_version=&#8221;4.18.0&#8243; _module_preset=&#8221;default&#8221; global_colors_info=&#8221;{}&#8221;]<\/p>\n<p><span>IndexingApiApp to narz\u0119dzie, kt\u00f3re pozwala przes\u0142a\u0107 URLe do ponownego crawlowania. Po Indexing Api warto si\u0119gn\u0105\u0107 w momencie, kiedy publikujemy du\u017co stron lub mamy problem z indeksowaniem witryny. Aby skorzysta\u0107 z IndexingApiApp musisz utworzy\u0107\u00a0plik autoryzuj\u0105cy JSON, poniewa\u017c\u00a0musisz potwierdzie\u0107, \u017ce jeste\u015b w\u0142a\u015bcicielem witryny.<\/span><\/p>\n<p>[\/et_pb_tab][et_pb_tab title=&#8221;InspectionApiApp&#8221; _builder_version=&#8221;4.18.0&#8243; _module_preset=&#8221;default&#8221; global_colors_info=&#8221;{}&#8221;]<\/p>\n<p><span>InspectionApiApp to narz\u0119dzie, kt\u00f3re pozwala sprawdzi\u0107\u00a0masowo URLe, tak samo jak w Google Search Console. Mo\u017cesz dodatkowo wszystkie dane wyeksportwa\u0107 do CSV, a nie zindeksowane adresy przesy\u0142a\u0107\u00a0od razu do crawlowania za pomoc\u0105 Indexing Api. Aby skorzysta\u0107 z IndexingApiApp musisz utworzy\u0107\u00a0plik autoryzuj\u0105cy JSON, poniewa\u017c\u00a0musisz potwierdzie\u0107, \u017ce jeste\u015b w\u0142a\u015bcicielem witryny.<\/span><\/p>\n<p>[\/et_pb_tab][et_pb_tab title=&#8221;PubLinkChecker&#8221; _builder_version=&#8221;4.18.0&#8243; _module_preset=&#8221;default&#8221; global_colors_info=&#8221;{}&#8221;]<\/p>\n<p class=\"p-style\">PubLinkChecker to narz\u0119dzie, kt\u00f3re pozwala na kontrol\u0119 \u017cywotno\u015bci twoich publikacji. Sprawdzi mi\u0119dzy innymi:<\/p>\n<ul class=\"p-style\">\n<li>kod odpowiedzi<\/li>\n<li>czy link znajduje si\u0119\u00a0w publikacji<\/li>\n<li>podlinkowany anchor<\/li>\n<li>podlinkowany URL<\/li>\n<li>wyeksportowa\u0107 wszystkie dane do CSV<\/li>\n<\/ul>\n<p>[\/et_pb_tab][\/et_pb_tabs][\/et_pb_column][\/et_pb_row][et_pb_row module_id=&#8221;faq&#8221; _builder_version=&#8221;4.18.0&#8243; _module_preset=&#8221;default&#8221; custom_margin=&#8221;100px||100px||false|false&#8221; custom_margin_tablet=&#8221;70px||70px||false|false&#8221; custom_margin_phone=&#8221;20px||20px||false|false&#8221; custom_margin_last_edited=&#8221;on|phone&#8221; global_colors_info=&#8221;{}&#8221;][et_pb_column type=&#8221;4_4&#8243; _builder_version=&#8221;4.18.0&#8243; _module_preset=&#8221;default&#8221; global_colors_info=&#8221;{}&#8221;][et_pb_text _builder_version=&#8221;4.18.0&#8243; _module_preset=&#8221;default&#8221; header_2_font=&#8221;Roboto Mono||||||||&#8221; header_2_text_align=&#8221;center&#8221; header_2_font_size=&#8221;60px&#8221; header_2_font_size_tablet=&#8221;60px&#8221; header_2_font_size_phone=&#8221;40px&#8221; header_2_font_size_last_edited=&#8221;on|tablet&#8221; global_colors_info=&#8221;{}&#8221;]<\/p>\n<h2><span class=\"magic\">FAQ<\/span><\/h2>\n<p>[\/et_pb_text][et_pb_toggle title=&#8221;Czy aplikacja jest p\u0142atna?&#8221; open_toggle_text_color=&#8221;#FFFFFF&#8221; toggle_icon=&#8221;&#x22;||divi||400&#8243; open_toggle_icon=&#8221;&#x21;||divi||400&#8243; _builder_version=&#8221;4.18.0&#8243; _module_preset=&#8221;default&#8221; title_text_color=&#8221;#FFFFFF&#8221; title_font=&#8221;Roboto Mono||||||||&#8221; title_font_size=&#8221;19px&#8221; body_font=&#8221;Roboto Mono||||||||&#8221; body_text_color=&#8221;#FFFFFF&#8221; background_color=&#8221;#0a0a0a&#8221; width=&#8221;62%&#8221; width_tablet=&#8221;62%&#8221; width_phone=&#8221;62%&#8221; width_last_edited=&#8221;on|desktop&#8221; module_alignment=&#8221;center&#8221; hover_enabled=&#8221;0&#8243; title_font_size_tablet=&#8221;19px&#8221; title_font_size_phone=&#8221;17px&#8221; title_font_size_last_edited=&#8221;on|phone&#8221; border_radii=&#8221;on|7px|7px|7px|7px&#8221; global_colors_info=&#8221;{}&#8221; sticky_enabled=&#8221;0&#8243; border_width_all=&#8221;0.2px&#8221;]<\/p>\n<p>Tak, aplikacja jest p\u0142atna. Miesi\u0119czna op\u0142ata za korzystanie z aplikacji wynosi 50 z\u0142 netto. Jednak, je\u015bli chcesz wcze\u015bniej przetestowa\u0107 aplikacj\u0119, to napisz do mnie.<br \/><a href=\"mailto:roland@sembit.pl\"><button class=\"Example-btn6\" style=\"margin-top: 5px;\">Napisz do mnie!<\/button><\/a><\/p>\n<p>[\/et_pb_toggle][et_pb_toggle title=&#8221;Jak uzyska\u0107 plik autoryzuj\u0105cy JSON?&#8221; open_toggle_text_color=&#8221;#FFFFFF&#8221; toggle_icon=&#8221;&#x22;||divi||400&#8243; open_toggle_icon=&#8221;&#x21;||divi||400&#8243; _builder_version=&#8221;4.18.0&#8243; _module_preset=&#8221;default&#8221; title_text_color=&#8221;#FFFFFF&#8221; title_font=&#8221;Roboto Mono||||||||&#8221; title_font_size=&#8221;19px&#8221; body_font=&#8221;Roboto Mono||||||||&#8221; body_text_color=&#8221;#FFFFFF&#8221; background_color=&#8221;#0a0a0a&#8221; width=&#8221;62%&#8221; width_tablet=&#8221;62%&#8221; width_phone=&#8221;62%&#8221; width_last_edited=&#8221;on|desktop&#8221; module_alignment=&#8221;center&#8221; hover_enabled=&#8221;0&#8243; title_font_size_tablet=&#8221;19px&#8221; title_font_size_phone=&#8221;17px&#8221; title_font_size_last_edited=&#8221;on|phone&#8221; border_radii=&#8221;on|7px|7px|7px|7px&#8221; global_colors_info=&#8221;{}&#8221; sticky_enabled=&#8221;0&#8243;]<\/p>\n<p><span>Aby skorzysta\u0107 z aplikacji wykorzystuj\u0105cych Googlowe API, musisz najpierw wykona\u0107 autoryzacj\u0119.<\/span><br \/><a href=\"mailto:roland@sembit.pl\"><button class=\"Example-btn6\" style=\"margin-top: 5px;\">Zobacz instrukcj\u0119<\/button><\/a><\/p>\n<p>[\/et_pb_toggle][et_pb_toggle title=&#8221;Czy moje dane s\u0105 bezpiecznie?&#8221; open_toggle_text_color=&#8221;#FFFFFF&#8221; toggle_icon=&#8221;&#x22;||divi||400&#8243; open_toggle_icon=&#8221;&#x21;||divi||400&#8243; _builder_version=&#8221;4.18.0&#8243; _module_preset=&#8221;default&#8221; title_text_color=&#8221;#FFFFFF&#8221; title_font=&#8221;Roboto Mono||||||||&#8221; title_font_size=&#8221;19px&#8221; body_font=&#8221;Roboto Mono||||||||&#8221; body_text_color=&#8221;#FFFFFF&#8221; background_color=&#8221;#0a0a0a&#8221; width=&#8221;62%&#8221; width_tablet=&#8221;62%&#8221; width_phone=&#8221;62%&#8221; width_last_edited=&#8221;on|desktop&#8221; module_alignment=&#8221;center&#8221; hover_enabled=&#8221;0&#8243; title_font_size_tablet=&#8221;19px&#8221; title_font_size_phone=&#8221;17px&#8221; title_font_size_last_edited=&#8221;on|phone&#8221; border_radii=&#8221;on|7px|7px|7px|7px&#8221; global_colors_info=&#8221;{}&#8221; sticky_enabled=&#8221;0&#8243;]<\/p>\n<p>Tak. Plik JSON oraz wszystkie dane, kt\u00f3re podasz podczas korzystania z aplikacji, usuwaj\u0105 si\u0119 po zamkni\u0119ciu okna przegl\u0105darki i nie s\u0105 nigdzie zapisywane.<\/p>\n<p>[\/et_pb_toggle][et_pb_toggle title=&#8221;Jakie s\u0105 limity korzystania z aplikacji?&#8221; open_toggle_text_color=&#8221;#FFFFFF&#8221; toggle_icon=&#8221;&#x22;||divi||400&#8243; open_toggle_icon=&#8221;&#x21;||divi||400&#8243; _builder_version=&#8221;4.18.0&#8243; _module_preset=&#8221;default&#8221; title_text_color=&#8221;#FFFFFF&#8221; title_font=&#8221;Roboto Mono||||||||&#8221; title_font_size=&#8221;19px&#8221; body_font=&#8221;Roboto Mono||||||||&#8221; body_text_color=&#8221;#FFFFFF&#8221; background_color=&#8221;#0a0a0a&#8221; width=&#8221;62%&#8221; width_tablet=&#8221;62%&#8221; width_phone=&#8221;62%&#8221; width_last_edited=&#8221;on|desktop&#8221; module_alignment=&#8221;center&#8221; hover_enabled=&#8221;0&#8243; title_font_size_tablet=&#8221;19px&#8221; title_font_size_phone=&#8221;17px&#8221; title_font_size_last_edited=&#8221;on|phone&#8221; border_radii=&#8221;on|7px|7px|7px|7px&#8221; global_colors_info=&#8221;{}&#8221; sticky_enabled=&#8221;0&#8243;]<\/p>\n<p><span>Z samych aplikacji, \u017cadne. Aplikacje korzystaj\u0105ce z Api Google, posiadaj\u0105 ustawione limity, kt\u00f3re s\u0105\u00a0zabezpieczeniem by nie przekroczy\u0107 limit\u00f3w ustalonych przez Google.<\/span><\/p>\n<p>[\/et_pb_toggle][et_pb_toggle title=&#8221;Czy mog\u0119 zwi\u0119kszy\u0107 limity API?&#8221; open_toggle_text_color=&#8221;#FFFFFF&#8221; toggle_icon=&#8221;&#x22;||divi||400&#8243; open_toggle_icon=&#8221;&#x21;||divi||400&#8243; _builder_version=&#8221;4.18.0&#8243; _module_preset=&#8221;default&#8221; title_text_color=&#8221;#FFFFFF&#8221; title_font=&#8221;Roboto Mono||||||||&#8221; title_font_size=&#8221;19px&#8221; body_font=&#8221;Roboto Mono||||||||&#8221; body_text_color=&#8221;#FFFFFF&#8221; background_color=&#8221;#0a0a0a&#8221; width=&#8221;62%&#8221; width_tablet=&#8221;62%&#8221; width_phone=&#8221;62%&#8221; width_last_edited=&#8221;on|desktop&#8221; module_alignment=&#8221;center&#8221; hover_enabled=&#8221;0&#8243; title_font_size_tablet=&#8221;19px&#8221; title_font_size_phone=&#8221;17px&#8221; title_font_size_last_edited=&#8221;on|phone&#8221; border_radii=&#8221;on|7px|7px|7px|7px&#8221; global_colors_info=&#8221;{}&#8221; sticky_enabled=&#8221;0&#8243;]<\/p>\n<p><span>Jeszcze nie, ale za nied\u0142ugo dodam suwak, kt\u00f3ry pozwoli Ci na zwi\u0119kszenie limitu r\u0119cznie. Pami\u0119taj jednak, by najpierw poprosi\u0107 o zwi\u0119kszenie limitu.<\/span><\/p>\n<p>[\/et_pb_toggle][\/et_pb_column][\/et_pb_row][et_pb_row _builder_version=&#8221;4.18.0&#8243; _module_preset=&#8221;default&#8221; custom_margin=&#8221;||100px||false|false&#8221; custom_margin_tablet=&#8221;||80px||false|false&#8221; custom_margin_phone=&#8221;||20px||false|false&#8221; custom_margin_last_edited=&#8221;on|phone&#8221; global_colors_info=&#8221;{}&#8221;][et_pb_column type=&#8221;4_4&#8243; _builder_version=&#8221;4.18.0&#8243; _module_preset=&#8221;default&#8221; global_colors_info=&#8221;{}&#8221;][et_pb_text _builder_version=&#8221;4.18.0&#8243; _module_preset=&#8221;default&#8221; header_2_font=&#8221;Roboto Mono||||||||&#8221; header_2_text_align=&#8221;center&#8221; header_2_font_size=&#8221;60px&#8221; header_2_font_size_tablet=&#8221;60px&#8221; header_2_font_size_phone=&#8221;40px&#8221; header_2_font_size_last_edited=&#8221;on|tablet&#8221; global_colors_info=&#8221;{}&#8221;]<\/p>\n<h2><span class=\"magic\">Masz jeszcze jakie\u015b pytania?<br \/>\n<\/span><\/h2>\n<p>[\/et_pb_text][et_pb_text _builder_version=&#8221;4.18.0&#8243; _module_preset=&#8221;default&#8221; global_colors_info=&#8221;{}&#8221;]<center><a href=\"mailto:roland@sembit.pl\"><button class=\"Example-btn6\" style=\"margin-left:auto; margin-right:auto\">Napisz do mnie!<\/button><\/a><\/center>[\/et_pb_text][\/et_pb_column][\/et_pb_row][\/et_pb_section]<\/p>\n","protected":false},"excerpt":{"rendered":"<p>Zindeksuj szybciej swoj\u0105 stron\u0119 z pomoc\u0105 SEOgrajkaIndexingApiApp to narz\u0119dzie, kt\u00f3re pozwala przes\u0142a\u0107 URLe do ponownego crawlowania. Po Indexing Api warto si\u0119gn\u0105\u0107 w momencie, kiedy publikujemy du\u017co stron lub mamy problem z indeksowaniem witryny. Aby skorzysta\u0107 z IndexingApiApp musisz utworzy\u0107\u00a0plik autoryzuj\u0105cy JSON, poniewa\u017c\u00a0musisz potwierdzie\u0107, \u017ce jeste\u015b w\u0142a\u015bcicielem witryny.InspectionApiApp to narz\u0119dzie, kt\u00f3re pozwala sprawdzi\u0107\u00a0masowo URLe, tak samo [&hellip;]<\/p>\n","protected":false},"author":2,"featured_media":0,"parent":0,"menu_order":0,"comment_status":"closed","ping_status":"closed","template":"","meta":{"_et_pb_use_builder":"on","_et_pb_old_content":"","_et_gb_content_width":"","footnotes":""},"class_list":["post-12","page","type-page","status-publish","hentry"],"yoast_head":"<!-- This site is optimized with the Yoast SEO plugin v19.7.2 - https:\/\/yoast.com\/wordpress\/plugins\/seo\/ -->\n<title>SEOgrajek - Zestaw narz\u0119dzi ka\u017cdego Seowca<\/title>\n<meta name=\"robots\" content=\"index, follow, max-snippet:-1, max-image-preview:large, max-video-preview:-1\" \/>\n<link rel=\"canonical\" href=\"https:\/\/seograjek.sembit.pl\/\" \/>\n<meta property=\"og:locale\" content=\"pl_PL\" \/>\n<meta property=\"og:type\" content=\"article\" \/>\n<meta property=\"og:title\" content=\"SEOgrajek - Zestaw narz\u0119dzi ka\u017cdego Seowca\" \/>\n<meta property=\"og:description\" content=\"Zindeksuj szybciej swoj\u0105 stron\u0119 z pomoc\u0105 SEOgrajkaIndexingApiApp to narz\u0119dzie, kt\u00f3re pozwala przes\u0142a\u0107 URLe do ponownego crawlowania. Po Indexing Api warto si\u0119gn\u0105\u0107 w momencie, kiedy publikujemy du\u017co stron lub mamy problem z indeksowaniem witryny. Aby skorzysta\u0107 z IndexingApiApp musisz utworzy\u0107\u00a0plik autoryzuj\u0105cy JSON, poniewa\u017c\u00a0musisz potwierdzie\u0107, \u017ce jeste\u015b w\u0142a\u015bcicielem witryny.InspectionApiApp to narz\u0119dzie, kt\u00f3re pozwala sprawdzi\u0107\u00a0masowo URLe, tak samo [&hellip;]\" \/>\n<meta property=\"og:url\" content=\"https:\/\/seograjek.sembit.pl\/\" \/>\n<meta property=\"og:site_name\" content=\"Przyk\u0142adowa strona\" \/>\n<meta property=\"article:modified_time\" content=\"2022-10-05T19:43:53+00:00\" \/>\n<meta name=\"twitter:card\" content=\"summary_large_image\" \/>\n<meta name=\"twitter:label1\" content=\"Szacowany czas czytania\" \/>\n\t<meta name=\"twitter:data1\" content=\"4 minuty\" \/>\n<script type=\"application\/ld+json\" class=\"yoast-schema-graph\">{\"@context\":\"https:\/\/schema.org\",\"@graph\":[{\"@type\":\"WebPage\",\"@id\":\"https:\/\/seograjek.sembit.pl\/\",\"url\":\"https:\/\/seograjek.sembit.pl\/\",\"name\":\"SEOgrajek - Zestaw narz\u0119dzi ka\u017cdego Seowca\",\"isPartOf\":{\"@id\":\"https:\/\/seograjek.sembit.pl\/#website\"},\"datePublished\":\"2022-10-05T16:48:22+00:00\",\"dateModified\":\"2022-10-05T19:43:53+00:00\",\"breadcrumb\":{\"@id\":\"https:\/\/seograjek.sembit.pl\/#breadcrumb\"},\"inLanguage\":\"pl-PL\",\"potentialAction\":[{\"@type\":\"ReadAction\",\"target\":[\"https:\/\/seograjek.sembit.pl\/\"]}]},{\"@type\":\"BreadcrumbList\",\"@id\":\"https:\/\/seograjek.sembit.pl\/#breadcrumb\",\"itemListElement\":[{\"@type\":\"ListItem\",\"position\":1,\"name\":\"Strona g\u0142\u00f3wna\",\"item\":\"https:\/\/seograjek.sembit.pl\/\"},{\"@type\":\"ListItem\",\"position\":2,\"name\":\"home\"}]},{\"@type\":\"WebSite\",\"@id\":\"https:\/\/seograjek.sembit.pl\/#website\",\"url\":\"https:\/\/seograjek.sembit.pl\/\",\"name\":\"Przyk\u0142adowa strona\",\"description\":\"Kolejna witryna oparta na WordPressie\",\"potentialAction\":[{\"@type\":\"SearchAction\",\"target\":{\"@type\":\"EntryPoint\",\"urlTemplate\":\"https:\/\/seograjek.sembit.pl\/?s={search_term_string}\"},\"query-input\":\"required name=search_term_string\"}],\"inLanguage\":\"pl-PL\"}]}<\/script>\n<!-- \/ Yoast SEO plugin. -->","yoast_head_json":{"title":"SEOgrajek - Zestaw narz\u0119dzi ka\u017cdego Seowca","robots":{"index":"index","follow":"follow","max-snippet":"max-snippet:-1","max-image-preview":"max-image-preview:large","max-video-preview":"max-video-preview:-1"},"canonical":"https:\/\/seograjek.sembit.pl\/","og_locale":"pl_PL","og_type":"article","og_title":"SEOgrajek - Zestaw narz\u0119dzi ka\u017cdego Seowca","og_description":"Zindeksuj szybciej swoj\u0105 stron\u0119 z pomoc\u0105 SEOgrajkaIndexingApiApp to narz\u0119dzie, kt\u00f3re pozwala przes\u0142a\u0107 URLe do ponownego crawlowania. Po Indexing Api warto si\u0119gn\u0105\u0107 w momencie, kiedy publikujemy du\u017co stron lub mamy problem z indeksowaniem witryny. Aby skorzysta\u0107 z IndexingApiApp musisz utworzy\u0107\u00a0plik autoryzuj\u0105cy JSON, poniewa\u017c\u00a0musisz potwierdzie\u0107, \u017ce jeste\u015b w\u0142a\u015bcicielem witryny.InspectionApiApp to narz\u0119dzie, kt\u00f3re pozwala sprawdzi\u0107\u00a0masowo URLe, tak samo [&hellip;]","og_url":"https:\/\/seograjek.sembit.pl\/","og_site_name":"Przyk\u0142adowa strona","article_modified_time":"2022-10-05T19:43:53+00:00","twitter_card":"summary_large_image","twitter_misc":{"Szacowany czas czytania":"4 minuty"},"schema":{"@context":"https:\/\/schema.org","@graph":[{"@type":"WebPage","@id":"https:\/\/seograjek.sembit.pl\/","url":"https:\/\/seograjek.sembit.pl\/","name":"SEOgrajek - Zestaw narz\u0119dzi ka\u017cdego Seowca","isPartOf":{"@id":"https:\/\/seograjek.sembit.pl\/#website"},"datePublished":"2022-10-05T16:48:22+00:00","dateModified":"2022-10-05T19:43:53+00:00","breadcrumb":{"@id":"https:\/\/seograjek.sembit.pl\/#breadcrumb"},"inLanguage":"pl-PL","potentialAction":[{"@type":"ReadAction","target":["https:\/\/seograjek.sembit.pl\/"]}]},{"@type":"BreadcrumbList","@id":"https:\/\/seograjek.sembit.pl\/#breadcrumb","itemListElement":[{"@type":"ListItem","position":1,"name":"Strona g\u0142\u00f3wna","item":"https:\/\/seograjek.sembit.pl\/"},{"@type":"ListItem","position":2,"name":"home"}]},{"@type":"WebSite","@id":"https:\/\/seograjek.sembit.pl\/#website","url":"https:\/\/seograjek.sembit.pl\/","name":"Przyk\u0142adowa strona","description":"Kolejna witryna oparta na WordPressie","potentialAction":[{"@type":"SearchAction","target":{"@type":"EntryPoint","urlTemplate":"https:\/\/seograjek.sembit.pl\/?s={search_term_string}"},"query-input":"required name=search_term_string"}],"inLanguage":"pl-PL"}]}},"_links":{"self":[{"href":"https:\/\/seograjek.sembit.pl\/index.php\/wp-json\/wp\/v2\/pages\/12","targetHints":{"allow":["GET"]}}],"collection":[{"href":"https:\/\/seograjek.sembit.pl\/index.php\/wp-json\/wp\/v2\/pages"}],"about":[{"href":"https:\/\/seograjek.sembit.pl\/index.php\/wp-json\/wp\/v2\/types\/page"}],"author":[{"embeddable":true,"href":"https:\/\/seograjek.sembit.pl\/index.php\/wp-json\/wp\/v2\/users\/2"}],"replies":[{"embeddable":true,"href":"https:\/\/seograjek.sembit.pl\/index.php\/wp-json\/wp\/v2\/comments?post=12"}],"version-history":[{"count":36,"href":"https:\/\/seograjek.sembit.pl\/index.php\/wp-json\/wp\/v2\/pages\/12\/revisions"}],"predecessor-version":[{"id":180,"href":"https:\/\/seograjek.sembit.pl\/index.php\/wp-json\/wp\/v2\/pages\/12\/revisions\/180"}],"wp:attachment":[{"href":"https:\/\/seograjek.sembit.pl\/index.php\/wp-json\/wp\/v2\/media?parent=12"}],"curies":[{"name":"wp","href":"https:\/\/api.w.org\/{rel}","templated":true}]}}